{"id":551,"date":"2020-03-03T11:17:50","date_gmt":"2020-03-03T11:17:50","guid":{"rendered":"https:\/\/paulagraf.com\/privacy-policy\/"},"modified":"2022-02-07T13:21:10","modified_gmt":"2022-02-07T13:21:10","slug":"privacy-policy","status":"publish","type":"page","link":"https:\/\/paulagraf.com\/es\/privacy-policy\/","title":{"rendered":"Propiedad de los Datos y Pol\u00edtica de Privacidad"},"content":{"rendered":"<h1>Propiedad de los Datos y Pol\u00edtica de Privacidad<\/h1>\n<p>La persona responsable por el cumplimiento de la legislaci\u00f3n sobre protecci\u00f3n de datos, en especial, el Reglamento General sobre Protecci\u00f3n de Datos en la Uni\u00f3n Europea (RGPD) es:<\/p>\n<p>Paula Graf<br \/>\nTel\u00e9fono: +351 210888382 \/ 912968004<br \/>\nE-mail: info@paulagraf.com<br \/>\nContribuyente del Impuesto sobre el Valor Agregado: PT133684105<\/p>\n<h2>Notas para el sitio de Internet<\/h2>\n<h3>Informaciones sobre derechos de autor<\/h3>\n<p>Paula Graf<br \/>\nwww.paulagraf.com<\/p>\n<h2>Sus derechos como el sujeto de los datos<\/h2>\n<p>Usted puede ejercer los siguientes derechos, en cualquier tiempo, usando los datos para contacto de nuestro ejecutivo s\u00e9nior para protecci\u00f3n de datos:<\/p>\n<ul>\n<li>Informaciones sobre los datos de Usted guardados por nosotros y el procesamiento de ellos (Art. 15, RGPD),<\/li>\n<li>Rectificaci\u00f3n de datos personales errados (Art. 16, RGPD),<\/li>\n<li>Eliminaci\u00f3n de sus datos guardados por nosotros (Art. 17, RGPD),<\/li>\n<li>Restricci\u00f3n del procesamiento de datos, siempre que nosotros no podamos eliminar sus datos debido a obligaciones legales (Art. 18, RGPD),<\/li>\n<li>Objeci\u00f3n al procesamiento de sus datos con nosotros (Art. 21, RGPD) y<\/li>\n<li>Portabilidad de datos, desde que Usted haya consentido el procesamiento de datos o haya firmado un contrato con nosotros (Art. 20, RGPD).<\/li>\n<\/ul>\n<p>Si Usted nos dio consentimiento, Usted tiene autorizaci\u00f3n para retirarlo en cualquier tiempo, lo cual tendr\u00e1 validez para el futuro.<\/p>\n<p>Usted puede contactar, en cualquier tiempo, a una autoridad de supervisi\u00f3n al respecto de una queja, por ejemplo, la autoridad de supervisi\u00f3n del estado\/provincia de su residencia o la autoridad que nos vigila como la parte responsable.<\/p>\n<p>Usted encontrar\u00e1 una lista de autoridades de supervisi\u00f3n (para el \u00e1rea no p\u00fablica), con sus respectivos enlaces de Internet, en: <a href=\"https:\/\/www.bfdi.bund.de\/DE\/Infothek\/Anschriften_Links\/anschriften_links-node.html\">https:\/\/www.bfdi.bund.de\/DE\/Infothek\/Anschriften_Links\/anschriften_links-node.html<\/a>.<\/p>\n<h2><\/h2>\n<h2>Recolecci\u00f3n de informaciones generales durante un acceso a nuestro sitio de Internet<\/h2>\n<h3>Tipo y finalidad del procesamiento<\/h3>\n<p>Cuando Usted tiene acceso a nuestro sitio de Internet \u2013 es decir, si Usted no registra ni entrega informaciones \u2013 las informaciones de tipo general ser\u00e1n recolectadas autom\u00e1ticamente. Estas informaciones (archivos de historial del servidor) contienen el tipo de navegador para la Internet, el sistema operacional usado, el nombre del dominio de su proveedor de servicios de Internet, su direcci\u00f3n de IP y datos afines.<\/p>\n<p>Las informaciones son procesadas, en especial, para los siguientes prop\u00f3sitos:<\/p>\n<ul>\n<li>Asegurar una conexi\u00f3n, sin problemas, al sitio de Internet<\/li>\n<li>Asegurar un uso sin interrupciones de nuestro sitio de Internet<\/li>\n<li>An\u00e1lisis de la seguridad y estabilidad del sistema, as\u00ed como<\/li>\n<li>Para finalidades administrativas adicionales.<\/li>\n<\/ul>\n<p>Nosotros no usaremos los datos de Usted para elaborar conclusiones sobre su persona. Este tipo de informaciones ser\u00e1n analizadas estad\u00edsticamente por nosotros, si fuese necesario, para optimizar nuestro sitio de Internet y su tecnolog\u00eda subyacente.<\/p>\n<h3>Base legal<\/h3>\n<p>El procesamiento se realiza de acuerdo con el Art\u00edculo 6, p\u00e1rrafo 1 (f) del RGPD, basado en nuestro inter\u00e9s leg\u00edtimo para perfeccionar la estabilidad y la funcionalidad de nuestro sitio de Internet.<\/p>\n<h3>Recibidores<\/h3>\n<p>Los recibidores de los datos pueden ser prestadores de servicios t\u00e9cnicos, quienes trabajan en las operaciones y el mantenimiento de nuestro sitio de Internet como los procesadores.<\/p>\n<h3>Per\u00edodo de retenci\u00f3n<\/h3>\n<p>Los datos ser\u00e1n eliminados tan pronto como no sean m\u00e1s necesarios para la raz\u00f3n por la cual fueron recolectados. Este es generalmente el caso, despu\u00e9s que haya terminado la respectiva sesi\u00f3n, para datos que son usados para poner a disposici\u00f3n el sitio de Internet.<\/p>\n<h3>Suministro obligatorio o requerido<\/h3>\n<p>La puesta a disposici\u00f3n de los referidos datos personales no es ni legal ni contractualmente obligatoria. Aun considerando esto, sin la direcci\u00f3n de IP, el servicio y la funcionalidad de nuestro sitio de Internet no son garantizados. Adem\u00e1s, los servicios individuales pueden no estar disponibles o ser limitados. Por esta raz\u00f3n, se excluye una objeci\u00f3n.<\/p>\n<h2><\/h2>\n<h2>Formulario para contactos<\/h2>\n<h3>Tipo y finalidad del procesamiento<\/h3>\n<p>Los datos, que Usted env\u00eda, son usados para comunicaciones individuales con Usted. Una direcci\u00f3n v\u00e1lida de e-mail\/correo electr\u00f3nico y su nombre y apellido son requeridos para esta comunicaci\u00f3n, lo cual sirve para organizar su indagaci\u00f3n y la respectiva respuesta subsiguiente. Es opcional dar informaciones adicionales.<\/p>\n<h3>Base legal<\/h3>\n<p>El procesamiento de los datos, incluidos en el formulario para contactos, se realiza con base en un inter\u00e9s leg\u00edtimo (Art. 6, p\u00e1rrafo 1 (f) RGPD).<\/p>\n<p>Al entregarnos el formulario para contactos, nuestro objetivo es facilitar un medio no complicado para que Usted nos contacte. Las informaciones, que Usted incluye, ser\u00e1n usadas para procesar la indagaci\u00f3n y ser\u00e1n guardadas para posibles preguntas de seguimiento.<\/p>\n<p>Si Usted nos contacta para solicitar una propuesta, el procesamiento de las informaciones, entregadas en el formulario para contactos, ser\u00e1 realizado para implementar\u00a0 medidas precontractuales (Art. 6, p\u00e1rrafo 1 (b) RGPD).<\/p>\n<h3>Recibidores<\/h3>\n<p>Los recibidores de los datos pueden ser procesadores.<\/p>\n<h3>Per\u00edodo de retenci\u00f3n<\/h3>\n<p>Los datos ser\u00e1n eliminados no m\u00e1s tarde que 6 meses despu\u00e9s del procesamiento de la indagaci\u00f3n.<\/p>\n<p>Desde que nosotros celebremos un contrato con usted, usaremos los per\u00edodos legales de retenci\u00f3n establecidos en el C\u00f3digo Comercial Alem\u00e1n (Handelsgesetzbuch) y eliminaremos sus datos seg\u00fan las respectivas fechas de vencimientos estipuladas.<\/p>\n<h3>Suministro obligatorio o requerido<\/h3>\n<p>La puesta a disposici\u00f3n de sus datos personales es voluntaria. Aun considerando esto, nosotros podemos procesar su indagaci\u00f3n solamente si Usted nos informa su nombre y apellido, su direcci\u00f3n de e-mail\/correo electr\u00f3nico y la raz\u00f3n de su indagaci\u00f3n.<\/p>\n<h2><\/h2>\n<h2>Uso de bibliotecas <em>script<\/em> (Google Webfonts)<\/h2>\n<h3>Tipo y finalidad del procesamiento<\/h3>\n<p>A fin de presentar nuestros contenidos, correcta y gr\u00e1ficamente, siendo visualizados en todos los navegadores, usamos \u2018Google Webfonts\u2019 de Google LLC (1600 Amphitheater Parkway, Mountain View, CA 94043, USA <em>[E.U.A.]<\/em>, en adelante, denominada \u2018Google\u2019) para exhibir fuentes en este sitio de Internet.<\/p>\n<p>En este enlace, Usted encontrar\u00e1 las directrices sobre protecci\u00f3n de datos de la operadora de biblioteca Google: <a href=\"https:\/\/www.google.com\/policies\/privacy\/\">https:\/\/www.google.com\/policies\/privacy\/<\/a><\/p>\n<h3>Base legal<\/h3>\n<p>Su consentimiento es el fundamento legal para la integraci\u00f3n de Google Webfonts y la transferencia de datos vinculados a Google (Art. 6, p\u00e1rrafo 1 (a) RGPD).<\/p>\n<h3>Recibidores<\/h3>\n<p>El uso de bibliotecas <em>script<\/em> o bibliotecas fuente acciona, autom\u00e1ticamente, una conexi\u00f3n para la operadora de la biblioteca. Es posible te\u00f3ricamente \u2013 pero, actualmente, tampoco est\u00e1 claro si y hasta cu\u00e1l finalidad \u2013 que la operadora, en este caso Google, recolectar\u00e1 datos.<\/p>\n<h3>Per\u00edodo de retenci\u00f3n<\/h3>\n<p>Nosotros no recolectamos cualesquiera datos personales por medio de la integraci\u00f3n de Google Webfonts.<\/p>\n<p>Usted encontrar\u00e1 informaciones adicionales sobre Google Webfonts en: <a href=\"https:\/\/developers.google.com\/fonts\/faq\">https:\/\/developers.google.com\/fonts\/faq<\/a> y en la Pol\u00edtica de Privacidad de Google: <a href=\"https:\/\/www.google.com\/policies\/privacy\/\">https:\/\/www.google.com\/policies\/privacy\/<\/a>.<\/p>\n<h3>Transferencias a terceros pa\u00edses<\/h3>\n<p>Google procesa los datos de Usted en los Estados Unidos de Am\u00e9rica y est\u00e1 sujeta al Blindaje de Privacidad de Uni\u00f3n Europea-Estados Unidos de Am\u00e9rica: <a href=\"https:\/\/www.privacyshield.gov\/EU-US-Framework\">https:\/\/www.privacyshield.gov\/EU-US-Framework<\/a>.<\/p>\n<h3>Suministro obligatorio o requerido<\/h3>\n<p>El suministro de los datos personales de Usted no es exigido ni legalmente ni contractualmente. Aun considerando esto, la presentaci\u00f3n correcta de los contenidos de fuentes est\u00e1ndares no es posible sin esta puesta a disposici\u00f3n.<\/p>\n<h3>Revocaci\u00f3n de consentimiento<\/h3>\n<p>El lenguaje de programaci\u00f3n JavaScript es utilizado regularmente para exhibir contenidos. Por consiguiente, Usted puede optar por excluir el procesamiento de datos deshabilitando la ejecuci\u00f3n de JavaScript en su navegador o instalando un bloqueador de JavaScript. Note que esto puede resultar en limitaciones funcionales en el sitio de Internet.<\/p>\n<h2><\/h2>\n<h2>V\u00eddeos embutidos en YouTube<\/h2>\n<h3>Tipo y finalidad del procesamiento<\/h3>\n<p>Nosotros incluimos v\u00eddeos de YouTube en algunos de nuestros sitios de Internet. La operadora de los respectivos <em>plug-ins<\/em> es YouTube, LLC, 901 Cherry Ave., San Bruno, CA 94066, USA <em>[E.U.A.]<\/em> (en adelante denominada \u2018YouTube\u2019). YouTube, LLC es una subsidiaria de Google LLC, 1600 Amphitheater Pkwy, Mountain View, CA 94043, USA <em>[E.U.A.]<\/em> (en adelante mencionada como \u2018Google\u2019).<\/p>\n<p>Cuando Usted tiene acceso a un p\u00e1gina con el <em>plug-in<\/em> de YouTube, una conexi\u00f3n a los servidores de YouTube ser\u00e1 creada, la cual informa a YouTube a cu\u00e1les p\u00e1ginas Usted tiene acceso. Cuando Usted est\u00e1 conectado en su cuenta de YouTube, YouTube puede vincular las actividades de su navegaci\u00f3n, personalmente, con Usted. Puede prevenir esto Usted desconect\u00e1ndose, anticipadamente, de su cuenta de YouTube.<\/p>\n<p>En caso de que se conecte a un v\u00eddeo de YouTube, la proveedora usa <em>cookies<\/em> que recolectan informaciones sobre las actividades del usuario.<\/p>\n<p>Usted encontrar\u00e1 informaciones adicionales sobre la finalidad y el alcance de la recolecci\u00f3n de datos y su procesamiento por YouTube en la Pol\u00edtica de Privacidad de la proveedora, as\u00ed como informaciones adicionales sobre los derechos de Usted y para determinar opciones a fin de proteger privacidad (<a href=\"https:\/\/policies.google.com\/privacy\">https:\/\/policies.google.com\/privacy<\/a>). Google procesa los datos de Usted en los Estados Unidos de Am\u00e9rica y est\u00e1 sujeta al Blindaje de Privacidad de Uni\u00f3n Europea-Estados Unidos de Am\u00e9rica: <a href=\"https:\/\/www.privacyshield.gov\/EU-US-Framework\">https:\/\/www.privacyshield.gov\/EU-US-Framework<\/a>.<\/p>\n<h3>Base legal<\/h3>\n<p>El consentimiento de Usted es el fundamento legal para la integraci\u00f3n de YouTube y la transferencia de datos vinculados a Google (Art. 6, p\u00e1rrafo 1 (a) RGPD.<\/p>\n<h3>Recibidores<\/h3>\n<p>Tener acceso a YouTube acciona, autom\u00e1ticamente, una conexi\u00f3n a Google. .<\/p>\n<h3>Per\u00edodo de retenci\u00f3n y revocaci\u00f3n de consentimiento<\/h3>\n<p>Todas las personas, que hayan desactivado la guarda de <em>cookies<\/em> para el programa de avisos de Google, no deber\u00e1n esperar tener cualesquiera <em>cookies<\/em> cuando asisten a los v\u00eddeos de YouTube. No obstante, YouTube tambi\u00e9n guarda informaciones no personales de uso en otros <em>cookies<\/em>. Si Usted gustar\u00eda de impedir esto, Usted debe bloquear la guarda de <em>cookies<\/em> en el navegador.<\/p>\n<p>Usted encontrar\u00e1 informaciones adicionales sobre protecci\u00f3n de datos en \u2018YouTube\u2019 en la Pol\u00edtica de Privacidad de la proveedora en: <a href=\"https:\/\/policies.google.com\/privacy\">https:\/\/policies.google.com\/privacy<\/a>.<\/p>\n<h3>Transferencias a terceros pa\u00edses<\/h3>\n<p>Google procesa los datos de Usted en los Estados Unidos de Am\u00e9rica y est\u00e1 sujeta al Blindaje de Privacidad de Uni\u00f3n Europea-Estados Unidos de Am\u00e9rica: <a href=\"https:\/\/www.privacyshield.gov\/EU-US-Framework\">https:\/\/www.privacyshield.gov\/EU-US-Framework<\/a>.<\/p>\n<h3>Suministro obligatorio o requerido<\/h3>\n<p>La puesta a disposici\u00f3n de sus datos personales es voluntaria, basada \u00fanicamente en el consentimiento de Usted. Si Usted no permite el acceso, esto puede causar limitaciones funcionales en el sitio de Internet.<\/p>\n<h2><\/h2>\n<h2>Criptograf\u00eda SSL<\/h2>\n<p>Para proteger la seguridad de sus datos durante la transmisi\u00f3n, usamos los m\u00e1s avanzados m\u00e9todos de criptograf\u00eda (tales como SSL) mediante HTTPS.<\/p>\n<h2><\/h2>\n<h2>Actualizaci\u00f3n de nuestra Pol\u00edtica de Privacidad<\/h2>\n<p>Nos reservamos el derecho de actualizar esta Pol\u00edtica de Privacidad, de modo que siempre cumpla los requerimientos legales vigentes o para implementar modificaciones en nuestros servicios que afectan a la Pol\u00edtica de Privacidad, por ejemplo, cuando incluimos nuevos servicios. Su pr\u00f3ximo acceso estar\u00e1 sujeto a la nueva Pol\u00edtica de Privacidad.<\/p>\n<h2><\/h2>\n<h2>Preguntas para el Ejecutivo S\u00e9nior de Protecci\u00f3n de Datos<\/h2>\n<p>En caso de que Usted tenga cualesquiera preguntas correspondientes a protecci\u00f3n de datos, le agradeceremos que nos env\u00ede un mensaje de e-mail\/ correo electr\u00f3nico o que contacte, en nuestra organizaci\u00f3n, a la persona responsable por protecci\u00f3n de datos:<\/p>\n<p>Paula Graf, info@paulagraf.com<br \/>\n<em>La Pol\u00edtica de Privacidad fue creada por medio del activeMind AG <\/em><a href=\"https:\/\/www.activemind.de\/en\/data-protection\/generators\/privacy-policy\/\"><em>privacy policy generator<\/em><\/a><em> (Versi\u00f3n: #2018-09-24).<\/em><\/p>\n","protected":false},"excerpt":{"rendered":"<p>Propiedad de los Datos y Pol\u00edtica de Privacidad La persona responsable por el cumplimiento de la legislaci\u00f3n sobre protecci\u00f3n de datos, en especial, el Reglamento General<span class=\"excerpt-hellip\"> [\u2026]<\/span><\/p>\n","protected":false},"author":1,"featured_media":0,"parent":0,"menu_order":0,"comment_status":"closed","ping_status":"open","template":"","meta":{"inline_featured_image":false},"_links":{"self":[{"href":"https:\/\/paulagraf.com\/es\/wp-json\/wp\/v2\/pages\/551"}],"collection":[{"href":"https:\/\/paulagraf.com\/es\/wp-json\/wp\/v2\/pages"}],"about":[{"href":"https:\/\/paulagraf.com\/es\/wp-json\/wp\/v2\/types\/page"}],"author":[{"embeddable":true,"href":"https:\/\/paulagraf.com\/es\/wp-json\/wp\/v2\/users\/1"}],"replies":[{"embeddable":true,"href":"https:\/\/paulagraf.com\/es\/wp-json\/wp\/v2\/comments?post=551"}],"version-history":[{"count":9,"href":"https:\/\/paulagraf.com\/es\/wp-json\/wp\/v2\/pages\/551\/revisions"}],"predecessor-version":[{"id":738,"href":"https:\/\/paulagraf.com\/es\/wp-json\/wp\/v2\/pages\/551\/revisions\/738"}],"wp:attachment":[{"href":"https:\/\/paulagraf.com\/es\/wp-json\/wp\/v2\/media?parent=551"}],"curies":[{"name":"wp","href":"https:\/\/api.w.org\/{rel}","templated":true}]}}